{"id":315,"date":"2021-05-24T11:08:12","date_gmt":"2021-05-24T11:08:12","guid":{"rendered":"https:\/\/www.leopolddutrey.com\/?page_id=315"},"modified":"2026-02-26T20:25:14","modified_gmt":"2026-02-26T20:25:14","slug":"photos","status":"publish","type":"page","link":"https:\/\/www.leopolddutrey.com\/fr\/photos\/","title":{"rendered":"Photos"},"content":{"rendered":"<!--themify_builder_content-->\n<div id=\"themify_builder_content-315\" data-postid=\"315\" class=\"themify_builder_content themify_builder_content-315 themify_builder tf_clear\">\n                    <div  data-lazy=\"1\" class=\"module_row themify_builder_row tb_fla1747 tb_first tf_w\">\n                        <div class=\"row_inner col_align_top tb_col_count_1 tf_box tf_rel\">\n                        <div  data-lazy=\"1\" class=\"module_column tb-column col-full tb_o5w8747 first\">\n                    <!-- module text -->\n<div  class=\"module module-text tb_y9yc221\" data-lazy=\"1\">\n        <div  class=\"tb_text_wrap\">\n        <h1 style=\"text-align: center;\">Photos<\/h1>\n<p style=\"text-align: center;\">\u00a0<\/p>    <\/div>\n<\/div>\n<!-- \/module text -->        <\/div>\n                        <\/div>\n        <\/div>\n                        <div  data-css_id=\"m4f5465\" data-lazy=\"1\" class=\"module_row themify_builder_row fullwidth tb_m4f5465 tf_w\">\n                        <div class=\"row_inner col_align_top gutter-none tb_col_count_3 tf_box tf_rel\">\n                        <div  data-lazy=\"1\" class=\"module_column tb-column col3-1 tb_tq1a465 first\">\n        <span  class=\"builder_row_cover tf_abs\" data-lazy=\"1\"><\/span>                    <div  data-lazy=\"1\" class=\"module_subrow themify_builder_sub_row tf_w col_align_top tb_col_count_1 tb_yv7r465\">\n                <div  data-lazy=\"1\" class=\"module_column sub_column col-full tb_hlir466 first\">\n                    <!-- module text -->\n<div  class=\"module module-text tb_hq6s466\" data-lazy=\"1\">\n        <div  class=\"tb_text_wrap\">\n        <h2><a href=\"https:\/\/www.leopolddutrey.com\/fr\/blackandwhite\/\">N &amp; B<\/a><\/h2>    <\/div>\n<\/div>\n<!-- \/module text -->        <\/div>\n                    <\/div>\n                <\/div>\n                    <div  data-lazy=\"1\" class=\"module_column tb-column col3-1 tb_3hl8466\">\n        <span  class=\"builder_row_cover tf_abs\" data-lazy=\"1\"><\/span>                    <div  data-lazy=\"1\" class=\"module_subrow themify_builder_sub_row tf_w col_align_top tb_col_count_1 tb_amxl466\">\n                <div  data-lazy=\"1\" class=\"module_column sub_column col-full tb_gj8e466 first\">\n                    <!-- module text -->\n<div  class=\"module module-text tb_2pfl467\" data-lazy=\"1\">\n        <div  class=\"tb_text_wrap\">\n        <h2><a href=\"https:\/\/www.leopolddutrey.com\/fr\/polas\/\">Polas<\/a><\/h2>    <\/div>\n<\/div>\n<!-- \/module text -->        <\/div>\n                    <\/div>\n                <\/div>\n                    <div  data-lazy=\"1\" class=\"module_column tb-column col3-1 tb_32bm468 last\">\n        <span  class=\"builder_row_cover tf_abs\" data-lazy=\"1\"><\/span>                    <div  data-lazy=\"1\" class=\"module_subrow themify_builder_sub_row tf_w col_align_top tb_col_count_1 tb_o5ek468\">\n                <div  data-lazy=\"1\" class=\"module_column sub_column col-full tb_jmdx468 first\">\n                    <!-- module text -->\n<div  class=\"module module-text tb_6ryx468\" data-lazy=\"1\">\n        <div  class=\"tb_text_wrap\">\n        <h2><a href=\"https:\/\/www.leopolddutrey.com\/fr\/book\/\">Book<\/a><\/h2>    <\/div>\n<\/div>\n<!-- \/module text -->        <\/div>\n                    <\/div>\n                <\/div>\n                        <\/div>\n        <\/div>\n        <\/div>\n<!--\/themify_builder_content-->","protected":false},"excerpt":{"rendered":"<p>Photos \u00a0<\/p>","protected":false},"author":1,"featured_media":0,"parent":0,"menu_order":0,"comment_status":"closed","ping_status":"closed","template":"","meta":{"footnotes":""},"class_list":["post-315","page","type-page","status-publish","hentry","has-post-title","has-post-date","has-post-category","has-post-tag","has-post-comment","has-post-author",""],"yoast_head":"<!-- This site is optimized with the Yoast SEO plugin v23.2 - https:\/\/yoast.com\/wordpress\/plugins\/seo\/ -->\n<title>Photos - L\u00c9OPOLD DUTREY - Find all the of L\u00e9opold DUTREY<\/title>\n<meta name=\"description\" content=\"Find all the official photos of the model and influencer L\u00e9opold DUTREY on his website www.leopolddutrey.com .\" \/>\n<meta name=\"robots\" content=\"index, follow, max-snippet:-1, max-image-preview:large, max-video-preview:-1\" \/>\n<link rel=\"canonical\" href=\"https:\/\/www.leopolddutrey.com\/fr\/photos\/\" \/>\n<meta property=\"og:locale\" content=\"fr_FR\" \/>\n<meta property=\"og:type\" content=\"article\" \/>\n<meta property=\"og:title\" content=\"Photos - L\u00c9OPOLD DUTREY - Find all the of L\u00e9opold DUTREY\" \/>\n<meta property=\"og:description\" content=\"Find all the official photos of the model and influencer L\u00e9opold DUTREY on his website www.leopolddutrey.com .\" \/>\n<meta property=\"og:url\" content=\"https:\/\/www.leopolddutrey.com\/fr\/photos\/\" \/>\n<meta property=\"og:site_name\" content=\"L\u00c9OPOLD DUTREY\" \/>\n<meta property=\"article:modified_time\" content=\"2026-02-26T20:25:14+00:00\" \/>\n<meta name=\"twitter:card\" content=\"summary_large_image\" \/>\n<meta name=\"twitter:label1\" content=\"Dur\u00e9e de lecture estim\u00e9e\" \/>\n\t<meta name=\"twitter:data1\" content=\"1 minute\" \/>\n<script type=\"application\/ld+json\" class=\"yoast-schema-graph\">{\"@context\":\"https:\/\/schema.org\",\"@graph\":[{\"@type\":\"WebPage\",\"@id\":\"https:\/\/www.leopolddutrey.com\/photos\/\",\"url\":\"https:\/\/www.leopolddutrey.com\/photos\/\",\"name\":\"Photos - L\u00c9OPOLD DUTREY - Find all the of L\u00e9opold DUTREY\",\"isPartOf\":{\"@id\":\"https:\/\/www.leopolddutrey.com\/#website\"},\"datePublished\":\"2021-05-24T11:08:12+00:00\",\"dateModified\":\"2026-02-26T20:25:14+00:00\",\"description\":\"Find all the official photos of the model and influencer L\u00e9opold DUTREY on his website www.leopolddutrey.com .\",\"breadcrumb\":{\"@id\":\"https:\/\/www.leopolddutrey.com\/photos\/#breadcrumb\"},\"inLanguage\":\"fr-FR\",\"potentialAction\":[{\"@type\":\"ReadAction\",\"target\":[\"https:\/\/www.leopolddutrey.com\/photos\/\"]}]},{\"@type\":\"BreadcrumbList\",\"@id\":\"https:\/\/www.leopolddutrey.com\/photos\/#breadcrumb\",\"itemListElement\":[{\"@type\":\"ListItem\",\"position\":1,\"name\":\"Accueil\",\"item\":\"https:\/\/www.leopolddutrey.com\/\"},{\"@type\":\"ListItem\",\"position\":2,\"name\":\"Photos\"}]},{\"@type\":\"WebSite\",\"@id\":\"https:\/\/www.leopolddutrey.com\/#website\",\"url\":\"https:\/\/www.leopolddutrey.com\/\",\"name\":\"L\u00c9OPOLD DUTREY\",\"description\":\"Le site web officiel de L\u00e9opold DUTREY\",\"potentialAction\":[{\"@type\":\"SearchAction\",\"target\":{\"@type\":\"EntryPoint\",\"urlTemplate\":\"https:\/\/www.leopolddutrey.com\/?s={search_term_string}\"},\"query-input\":\"required name=search_term_string\"}],\"inLanguage\":\"fr-FR\"}]}<\/script>\n<!-- \/ Yoast SEO plugin. -->","yoast_head_json":{"title":"Photos - L\u00c9OPOLD DUTREY - Find all the of L\u00e9opold DUTREY","description":"Find all the official photos of the model and influencer L\u00e9opold DUTREY on his website www.leopolddutrey.com .","robots":{"index":"index","follow":"follow","max-snippet":"max-snippet:-1","max-image-preview":"max-image-preview:large","max-video-preview":"max-video-preview:-1"},"canonical":"https:\/\/www.leopolddutrey.com\/fr\/photos\/","og_locale":"fr_FR","og_type":"article","og_title":"Photos - L\u00c9OPOLD DUTREY - Find all the of L\u00e9opold DUTREY","og_description":"Find all the official photos of the model and influencer L\u00e9opold DUTREY on his website www.leopolddutrey.com .","og_url":"https:\/\/www.leopolddutrey.com\/fr\/photos\/","og_site_name":"L\u00c9OPOLD DUTREY","article_modified_time":"2026-02-26T20:25:14+00:00","twitter_card":"summary_large_image","twitter_misc":{"Dur\u00e9e de lecture estim\u00e9e":"1 minute"},"schema":{"@context":"https:\/\/schema.org","@graph":[{"@type":"WebPage","@id":"https:\/\/www.leopolddutrey.com\/photos\/","url":"https:\/\/www.leopolddutrey.com\/photos\/","name":"Photos - L\u00c9OPOLD DUTREY - Find all the of L\u00e9opold DUTREY","isPartOf":{"@id":"https:\/\/www.leopolddutrey.com\/#website"},"datePublished":"2021-05-24T11:08:12+00:00","dateModified":"2026-02-26T20:25:14+00:00","description":"Find all the official photos of the model and influencer L\u00e9opold DUTREY on his website www.leopolddutrey.com .","breadcrumb":{"@id":"https:\/\/www.leopolddutrey.com\/photos\/#breadcrumb"},"inLanguage":"fr-FR","potentialAction":[{"@type":"ReadAction","target":["https:\/\/www.leopolddutrey.com\/photos\/"]}]},{"@type":"BreadcrumbList","@id":"https:\/\/www.leopolddutrey.com\/photos\/#breadcrumb","itemListElement":[{"@type":"ListItem","position":1,"name":"Accueil","item":"https:\/\/www.leopolddutrey.com\/"},{"@type":"ListItem","position":2,"name":"Photos"}]},{"@type":"WebSite","@id":"https:\/\/www.leopolddutrey.com\/#website","url":"https:\/\/www.leopolddutrey.com\/","name":"L\u00c9OPOLD DUTREY","description":"Le site web officiel de L\u00e9opold DUTREY","potentialAction":[{"@type":"SearchAction","target":{"@type":"EntryPoint","urlTemplate":"https:\/\/www.leopolddutrey.com\/?s={search_term_string}"},"query-input":"required name=search_term_string"}],"inLanguage":"fr-FR"}]}},"builder_content":"<h1 style=\"text-align: center;\">Photos<\/h1> <p style=\"text-align: center;\">\u00a0<\/p>\n<h2><a href=\"https:\/\/leopolddutrey.com\/blackandwhite\">B &amp; W<\/a><\/h2>\n<h2><a href=\"https:\/\/leopolddutrey.com\/polas\">Polas<\/a><\/h2>\n<h2><a href=\"https:\/\/leopolddutrey.com\/book\">Book<\/a><\/h2>","_links":{"self":[{"href":"https:\/\/www.leopolddutrey.com\/fr\/wp-json\/wp\/v2\/pages\/315","targetHints":{"allow":["GET"]}}],"collection":[{"href":"https:\/\/www.leopolddutrey.com\/fr\/wp-json\/wp\/v2\/pages"}],"about":[{"href":"https:\/\/www.leopolddutrey.com\/fr\/wp-json\/wp\/v2\/types\/page"}],"author":[{"embeddable":true,"href":"https:\/\/www.leopolddutrey.com\/fr\/wp-json\/wp\/v2\/users\/1"}],"replies":[{"embeddable":true,"href":"https:\/\/www.leopolddutrey.com\/fr\/wp-json\/wp\/v2\/comments?post=315"}],"version-history":[{"count":9,"href":"https:\/\/www.leopolddutrey.com\/fr\/wp-json\/wp\/v2\/pages\/315\/revisions"}],"predecessor-version":[{"id":1608,"href":"https:\/\/www.leopolddutrey.com\/fr\/wp-json\/wp\/v2\/pages\/315\/revisions\/1608"}],"wp:attachment":[{"href":"https:\/\/www.leopolddutrey.com\/fr\/wp-json\/wp\/v2\/media?parent=315"}],"curies":[{"name":"wp","href":"https:\/\/api.w.org\/{rel}","templated":true}]}}